{"id":47,"date":"2016-09-19T16:12:53","date_gmt":"2016-09-19T14:12:53","guid":{"rendered":"http:\/\/www.brauchtumsgruppe-stkoloman.at\/?page_id=47"},"modified":"2019-10-16T16:38:56","modified_gmt":"2019-10-16T14:38:56","slug":"galerie","status":"publish","type":"page","link":"https:\/\/www.brauchtumsgruppe-stkoloman.at\/?page_id=47","title":{"rendered":"Galerie"},"content":{"rendered":"<h3>Erntedank (13.10.2019)<\/h3>\n<p>Erntedank durften wir wieder unsere Selbstgebundene Erntedankkrone pr\u00e4sentieren.<\/p>\nngg_shortcode_0_placeholder\n<h3>&nbsp;<\/h3>\n<h3>Auftritt beim Rupertikirtag in Salzburg (20.09.2019)<\/h3>\n<p>Am 20.09. durften wir zusammen mit der Vigauner Tanzlmusi den Rupertikirtag Umrahmen.<\/p>\nngg_shortcode_1_placeholder\n<h3>Vereinsausflug nach Meran\/S\u00fcdtirol (13.-15.09.2019)<\/h3>\n<p>Am 13.09. starteten wir unseren Vereinsausflug richtung Insbruck, wo wir uns die Bergisel anschauten und danach lieferten wir uns ein paar Rennen auf der Kartbahn. Am Abend kamen wir in Meran an wo wir dann ein Volksfest besuchten. Am 2. Tag fuhren wir auf die Meran 2000, wo wir einen Wandertag machten. Denn Abend lie\u00dfen wir wieder im Zentrums Meran ausklingen. Am letzen Tag traten wir dann die Heimreise Richtung St.Koloman an.<\/p>\nngg_shortcode_2_placeholder\n<h3>&nbsp;<\/h3>\n<h3>Nightmare (7.09.2019)<\/h3>\n<p>Auch heuer fand unser weitbekanntes Nightmare auf der Veranstaltungswiese in St.Koloman wieder statt. Wir konnten wieder jede Menge Besucher mit unseren 3 Floors und unseren verschiedenen Angeboten begeistern und somit eine legend\u00e4re Partynacht auf die Beine stellen.<\/p>\nngg_shortcode_3_placeholder\n<h3>Ausr\u00fcckung 50 Jahre Brauchtumsgruppe Dorfgastein (4.08.2019)<\/h3>\n<p>Am 4.08. durften wir mit unserem gesamten Verein nach Dorfgastein fahren, um mit der Brauchtumsgruppe Dorfgastein ihr 50 J\u00e4hriges Jubil\u00e4um zu Feiern.<\/p>\nngg_shortcode_4_placeholder\n<h3>&nbsp;<\/h3>\n<h3>Prangtag (20.06.2019)<\/h3>\n<p>&nbsp;<\/p>\n<h3>Skiausflug Saalbach-Hinterglemm (9.03.2019)<\/h3>\n<p>Bei super Wetter veranstalteten wir unseren allj\u00e4hrlichen Skiausflug nach Saalbach-Hinterglemm. Alle Mitglieder waren bestens motiviert, sodass wir die Piste bis in den fr\u00fchen Nachmittag mit vollem Elan nutzen konnten. Anschlie\u00dfend durfte das Apres-Ski nat\u00fcrlich nicht fehlen.<\/p>\nngg_shortcode_5_placeholder\n<h3>Gaujahrtag in Scheffau (10.02.2019)<\/h3>\n<p>Zum allj\u00e4hrlichen Gaujahrtag lud die Tennengauer Volkskultur dieses Mal in Scheffau ein.<\/p>\n<h3>Weihnachtsfeier (7.12.2018)<\/h3>\n<p>Wie jedes Jahr fand die Weihnachtsfeier beim Gasthof Alpenrose statt. Mit musikalischer Unterhaltung unserer Jungmusiker lie\u00dfen wir den Abend noch gem\u00fctlich ausklingen.<\/p>\n<h3>Jahreshauptversammlung (16.11.2018)<\/h3>\n<p>Der Obmann Johannes Neureiter berichtete von einem sehr erfolgreichen Vereinsjahr. &nbsp;Weitere Veranstaltungen waren das Maibaumaufstellen bei der Grundbichl-Alm, verschiedene Auftritte w\u00e4hrend des Jahres. Der Obmann bedankt sich bei allen Mitgliedern f\u00fcr die aktive Teilnahme an den Proben und der Mitgestaltung am Fronleichnam- und Erntedankfest.<\/p>\n<h3>Leistungsabzeichen Bronze (10.11.2018)<\/h3>\n<p>Am 10.11. absolvierten 17 Mitglieder das Leistungsabzeichen in Bronze mit Bravour.<\/p>\n<p>4x &nbsp;mit Ausgezeichnetem Erfolg<span class=\"text_exposed_show\"><br \/>\n6x mit Sehr Gutem Erfolg &amp;<br \/>\n7x mit Gutem Erfolg<\/span><\/p>\nngg_shortcode_6_placeholder\n<h3>Erntedank (23.09.2018)<\/h3>\n<p>Beim Erntedankfest pr\u00e4sentierten wir wieder unsere selbstgebundene Erntedankkrone.&nbsp;<\/p>\nngg_shortcode_7_placeholder\n<h3>Nightmare (8.09.2018)<\/h3>\n<p>Wie jedes Jahr im September fand unser weitbekanntes Nightmare auf der Veranstaltungswiese in St.Koloman statt. Mit den 3 verschiedenen Floors &#8211; Techno \/ Rock \/ Party locken wir immer wieder viele Partybegeisterte zu uns nach St.Koloman.&nbsp;<\/p>\n<h3>Prangtag in St.Koloman (31.05.2018)<\/h3>\n<h3>6. Maibaumaufstellen auf der Grundbichlalm (6.5.2018)<\/h3>\n<p>Am Sonntag den 6. Mai fand zum 6. mal das Maibaumaufstellen der Brauchtumsgruppe St. Koloman statt.<br \/>\nAb 13:00 Uhr luden wir zum gem\u00fctlichen Beisamensein ein. Wir pr\u00e4sentierten einige unserer T\u00e4nze &amp; Plattler und lie\u00dfen bei Speis und Trank den Sonntag gem\u00fctlich ausklingen.<\/p>\nngg_shortcode_8_placeholder\n<h3>Vereinsausflug nach Ischgl (29.04.-1.05.2018)<\/h3>\n<p>Ende April\/Anfang Mai 2018 machten wir einen gemeinsamen Ausflug zum Saisonabschluss nach Ischgl mit anschlie\u00dfenden Abschlusskonzert von Helene Fischer.<\/p>\n<h3>Gaujahrtag in Abtenau (18.02.2018)<\/h3>\n<p>Zum allj\u00e4hrlichen Gaujahrtag lud die Tennengauer Volkskultur dieses Mal in Abtenau ein.<\/p>\n<h3>Jahreshauptversammlung (17.11.2017)<\/h3>\n<p>Der Obmann Johannes Neureiter berichtete von einem sehr erfolgreichen Vereinsjahr. Einer der H\u00f6hepunkte war die Organisation des Dorffestes anl\u00e4sslich des 30-j\u00e4hrigen Bestandsjubil\u00e4ums. Weitere Veranstaltungen waren das Maibaumaufstellen bei der Grundbichl-Alm, verschiedene Auftritte w\u00e4hrend des Jahres und die Mitgestaltung des Sommernachtskonzertes. Der Obmann bedankt sich bei allen Mitgliedern f\u00fcr die aktive Teilnahme an den Proben und der Mitgestaltung am Fronleichnam- und Erntedankfest.<br \/>\nObmann Johannes Neureiter wurde einstimmig wiedergew\u00e4hlt. Weitere Ausschussmitglieder sind: Florian Walkner, Stefanie Kreer, Philipp Putz, Lisa Siller, Rupert Wallmann, Martin Siller, Hannah Siller, Martina Neureiter und Manuel Wallmann.<br \/>\nDie scheidenden Funktion\u00e4re sind: Marina Schorn, Daniela Waldmann, Walter Putz, Eva-Maria Brunauer, und Margreth Rehrl f\u00fcr ihre Arbeit und ihr Engagement in der Brauchtumsgruppe.<\/p>\nngg_shortcode_9_placeholder\n<h3>Dorffest &#8211; 30-j\u00e4hriges Jubil\u00e4um (05.\/06.08.2017)<\/h3>\n<p>Anl\u00e4sslich unseres 30-j\u00e4hrigen Jubli\u00e4ums lud die Brauchtumsgruppe St. Koloman zum zweit\u00e4gigen Dorffest ein. Am Samstag sorgten f\u00fcr die Unterhaltung Susanne Fischer und Erhard Reichstaler mit \u201eHeiteres und Ernstes aus dem Leben am Bauernhof\u201c sowie f\u00fcr die musikalische Umrahmung &#8220;Pongau Power&#8221;. Den Fr\u00fchshoppen am Sonntag umrahmten die &#8220;Tauglanska&#8221;. Alles in allem ein gelungenes Jubli\u00e4umsfest. Hier findet ihr einen Bericht aus den Tennengauer Nachrichten vom 10.08.2017:<br \/>\n<a href=\"http:\/\/www.brauchtumsgruppe-stkoloman.at\/wp-content\/uploads\/Tennengauer-Nachrichten_Dorffest.pdf\">Tennengauer Nachrichten_Dorffest<\/a><\/p>\n<h3>Gaujahrtag in Adnet (12.02.2017)<\/h3>\n<p>Zum allj\u00e4hrlichen Gaujahrtag lud die Tennengauer Volkskultur&nbsp;dieses Mal in Adnet ein.<\/p>\nngg_shortcode_10_placeholder\n<h3>&nbsp;<\/h3>\n<h3>Schiausflug Saalbach-Hinterglemm (04.02.2017)<\/h3>\n<p>Bei pr\u00e4chtigem Wetter veranstalteten wir unseren allj\u00e4hrlichen Schiausflug nach Saalbach-Hinterglemm. Alle Mitglieder waren bestens motiviert und so konnten wir die perfekt pr\u00e4parierten Pisten bis in den Nachmittag hinein genie\u00dfen. Anschlie\u00dfend durfte das Apres-Ski nat\u00fcrlich nicht fehlen.<\/p>\nngg_shortcode_11_placeholder\n<h3>Fest der Salzburger Volkskulturen (10.07.2016)<\/h3>\n<p>Anl\u00e4sslich der 200-j\u00e4hrigen Zugeh\u00f6rigkeit von Salzburg zu \u00d6sterreich veranstalteten die Salzburger Volkskulturen ein gro\u00dfes Fest in der Salzburger Altstadt. Nat\u00fcrlich lie\u00dfen wir uns die Gelegenheit nicht entgehen, unsere Tracht und unsere T\u00e4nze zu pr\u00e4sentieren.<\/p>\nngg_shortcode_12_placeholder\n<h3>Prangtag in St. Koloman (26.05.2016)<\/h3>\n<p>Den Prangtag&nbsp; nutzten wir aus um neue Foto bei sch\u00f6nstem Wetter zu machen. Die Neumitglieder freuten sich, dass sie nun auch im Problokal neben den &#8220;alten&#8221; Mitgliedern im Rahmen verewigt wurden.<\/p>\nngg_shortcode_13_placeholder\n<h3>Vereinsausflug Ischgl<\/h3>\n<p>Ende April\/Anfang Mai 2016 machten wir einen gemeinsamen Ausflug zum Saisonabschluss in Ischgl auf der Idalp.<\/p>\nngg_shortcode_14_placeholder\n","protected":false},"excerpt":{"rendered":"<p>Erntedank (13.10.2019) Erntedank durften wir wieder unsere Selbstgebundene Erntedankkrone pr\u00e4sentieren. &nbsp; Auftritt beim Rupertikirtag in Salzburg (20.09.2019) Am 20.09. durften wir zusammen mit der Vigauner Tanzlmusi den Rupertikirtag Umrahmen. &nbsp; Vereinsausflug nach Meran\/S\u00fcdtirol (13.-15.09.2019) Am 13.09. starteten wir unseren Vereinsausflug richtung Insbruck, wo wir uns die Bergisel anschauten und danach [&hellip;]<\/p>\n","protected":false},"author":2,"featured_media":0,"parent":0,"menu_order":0,"comment_status":"closed","ping_status":"closed","template":"page-templates\/full-width-page.php","meta":{"ngg_post_thumbnail":0,"jetpack_post_was_ever_published":false,"footnotes":""},"class_list":["post-47","page","type-page","status-publish","hentry"],"jetpack_sharing_enabled":true,"jetpack_shortlink":"https:\/\/wp.me\/P85xtH-L","_links":{"self":[{"href":"https:\/\/www.brauchtumsgruppe-stkoloman.at\/index.php?rest_route=\/wp\/v2\/pages\/47","targetHints":{"allow":["GET"]}}],"collection":[{"href":"https:\/\/www.brauchtumsgruppe-stkoloman.at\/index.php?rest_route=\/wp\/v2\/pages"}],"about":[{"href":"https:\/\/www.brauchtumsgruppe-stkoloman.at\/index.php?rest_route=\/wp\/v2\/types\/page"}],"author":[{"embeddable":true,"href":"https:\/\/www.brauchtumsgruppe-stkoloman.at\/index.php?rest_route=\/wp\/v2\/users\/2"}],"replies":[{"embeddable":true,"href":"https:\/\/www.brauchtumsgruppe-stkoloman.at\/index.php?rest_route=%2Fwp%2Fv2%2Fcomments&post=47"}],"version-history":[{"count":47,"href":"https:\/\/www.brauchtumsgruppe-stkoloman.at\/index.php?rest_route=\/wp\/v2\/pages\/47\/revisions"}],"predecessor-version":[{"id":480,"href":"https:\/\/www.brauchtumsgruppe-stkoloman.at\/index.php?rest_route=\/wp\/v2\/pages\/47\/revisions\/480"}],"wp:attachment":[{"href":"https:\/\/www.brauchtumsgruppe-stkoloman.at\/index.php?rest_route=%2Fwp%2Fv2%2Fmedia&parent=47"}],"curies":[{"name":"wp","href":"https:\/\/api.w.org\/{rel}","templated":true}]}}