{"id":8,"date":"2016-08-15T16:40:03","date_gmt":"2016-08-15T14:40:03","guid":{"rendered":"http:\/\/www.brauchtumsgruppe-stkoloman.at\/?page_id=8"},"modified":"2022-04-10T17:00:45","modified_gmt":"2022-04-10T15:00:45","slug":"geschichte","status":"publish","type":"page","link":"https:\/\/www.brauchtumsgruppe-stkoloman.at\/?page_id=8","title":{"rendered":"Geschichte"},"content":{"rendered":"<p>Die wichtigsten Eckpunkte unserer Geschichte haben wir hier f\u00fcr euch zusammengefasst.<br \/>\nViel Spa\u00df beim Durchschm\u00f6kern und Erinnern!<\/p>\n<div id=\"timelineContainer\" unselectable=\"on\"><a id=\"AhmetiExpandButton\" class=\"expandAll expanded\" style=\"float:right\">- Collapse All<\/a><br\/>\r\n            <div class=\"timelineMajor\">\r\n                <h2 class=\"timelineMajorMarker\"><span>1987<\/span><\/h2>\r\n            \r\n                <dl class=\"timelineMinor\">\r\n                    <dt id=\"event4\"><a>Gr\u00fcndung<\/a><\/dt>\r\n                    <dd class=\"timelineEvent\" id=\"event4EX\" style=\"display: none; \">\r\n                        <div class=\"event_content\"><span class=\"AhmetiDate\">1987<\/span><p>Im Herbst des Jahres 1987 taten sich 11 junge Paare zusammen und gr\u00fcndeten die\u00a0Brauchtumgsgruppe St. Koloman.\u00a0Johann Neureiter \u00fcbernahm die F\u00fchrung der Brauchtumsgruppe.<\/p><\/div><!-- event_content -->\r\n                    <\/dd><!-- \/.timelineEvent -->\r\n                <\/dl><!-- \/.timelineMinor --><\/div><!-- \/.timelineMajor -->\r\n            <div class=\"timelineMajor\">\r\n                <h2 class=\"timelineMajorMarker\"><span>1988<\/span><\/h2>\r\n            \r\n                <dl class=\"timelineMinor\">\r\n                    <dt id=\"event10\"><a>Erste Ausr\u00fcckung<\/a><\/dt>\r\n                    <dd class=\"timelineEvent\" id=\"event10EX\" style=\"display: none; \">\r\n                        <div class=\"event_content\"><span class=\"AhmetiDate\">9. April 1988<\/span><p>Am 9. April 1988 war der erste gro\u00dfe Auftritt der Brauchtumsgruppe St. Koloman beim KJ-Ball.<\/p><\/div><!-- event_content -->\r\n                    <\/dd><!-- \/.timelineEvent -->\r\n                <\/dl><!-- \/.timelineMinor --><\/div><!-- \/.timelineMajor -->\r\n            <div class=\"timelineMajor\">\r\n                <h2 class=\"timelineMajorMarker\"><span>1990<\/span><\/h2>\r\n            \r\n                <dl class=\"timelineMinor\">\r\n                    <dt id=\"event16\"><a>1. Schuhplattlerball<\/a><\/dt>\r\n                    <dd class=\"timelineEvent\" id=\"event16EX\" style=\"display: none; \">\r\n                        <div class=\"event_content\"><span class=\"AhmetiDate\">27. October 1990<\/span><p>Der 1. Schuhplattlerball ist erfolgreich \u00fcber die B\u00fchne gegangen.<\/p><\/div><!-- event_content -->\r\n                    <\/dd><!-- \/.timelineEvent -->\r\n                <\/dl><!-- \/.timelineMinor --><\/div><!-- \/.timelineMajor -->\r\n            <div class=\"timelineMajor\">\r\n                <h2 class=\"timelineMajorMarker\"><span>1993<\/span><\/h2>\r\n            \r\n                <dl class=\"timelineMinor\">\r\n                    <dt id=\"event7\"><a>Neuer Obmann<\/a><\/dt>\r\n                    <dd class=\"timelineEvent\" id=\"event7EX\" style=\"display: none; \">\r\n                        <div class=\"event_content\"><span class=\"AhmetiDate\">1993<\/span><p>Simon Rettenbacher \u00fcbernahm von 1993 - 1994 die F\u00fchrung des Vereines.<\/p><\/div><!-- event_content -->\r\n                    <\/dd><!-- \/.timelineEvent -->\r\n                <\/dl><!-- \/.timelineMinor --><\/div><!-- \/.timelineMajor -->\r\n            <div class=\"timelineMajor\">\r\n                <h2 class=\"timelineMajorMarker\"><span>1994<\/span><\/h2>\r\n            \r\n                <dl class=\"timelineMinor\">\r\n                    <dt id=\"event8\"><a>Neuer Obmann<\/a><\/dt>\r\n                    <dd class=\"timelineEvent\" id=\"event8EX\" style=\"display: none; \">\r\n                        <div class=\"event_content\"><span class=\"AhmetiDate\">1994<\/span><p>1994 \u00fcbernahm Willi Struber die F\u00fchrung des Vereines.<\/p><\/div><!-- event_content -->\r\n                    <\/dd><!-- \/.timelineEvent -->\r\n                <\/dl><!-- \/.timelineMinor --><\/div><!-- \/.timelineMajor -->\r\n            <div class=\"timelineMajor\">\r\n                <h2 class=\"timelineMajorMarker\"><span>1997<\/span><\/h2>\r\n            \r\n                <dl class=\"timelineMinor\">\r\n                    <dt id=\"event9\"><a>Neuer Obmann<\/a><\/dt>\r\n                    <dd class=\"timelineEvent\" id=\"event9EX\" style=\"display: none; \">\r\n                        <div class=\"event_content\"><span class=\"AhmetiDate\">1997<\/span><p>Dank Josef Neureiter wurde der Verein f\u00fcr weitere 6 Jahre gut gef\u00fchrt.<\/p><\/div><!-- event_content -->\r\n                    <\/dd><!-- \/.timelineEvent -->\r\n                <\/dl><!-- \/.timelineMinor -->\r\n                <dl class=\"timelineMinor\">\r\n                    <dt id=\"event17\"><a>1. Nightmare<\/a><\/dt>\r\n                    <dd class=\"timelineEvent\" id=\"event17EX\" style=\"display: none; \">\r\n                        <div class=\"event_content\"><span class=\"AhmetiDate\">8. November 1997<\/span><p>Die Brauchtumsgruppe St. Koloman veranstaltete zum 1. Mal eine Disco - \"Nightmare\".<\/p><\/div><!-- event_content -->\r\n                    <\/dd><!-- \/.timelineEvent -->\r\n                <\/dl><!-- \/.timelineMinor --><\/div><!-- \/.timelineMajor -->\r\n            <div class=\"timelineMajor\">\r\n                <h2 class=\"timelineMajorMarker\"><span>1998<\/span><\/h2>\r\n            \r\n                <dl class=\"timelineMinor\">\r\n                    <dt id=\"event18\"><a>1. Taugler Gretnbanki Nacht<\/a><\/dt>\r\n                    <dd class=\"timelineEvent\" id=\"event18EX\" style=\"display: none; \">\r\n                        <div class=\"event_content\"><span class=\"AhmetiDate\">7. February 1998<\/span><p>Die 1. Taugler Gretnbanki Nacht - zan zuaschaun, losn und tanzn fand beim Gasthof Goldener Stern mit vielen Besuchern statt.<\/p><\/div><!-- event_content -->\r\n                    <\/dd><!-- \/.timelineEvent -->\r\n                <\/dl><!-- \/.timelineMinor --><\/div><!-- \/.timelineMajor -->\r\n            <div class=\"timelineMajor\">\r\n                <h2 class=\"timelineMajorMarker\"><span>2003<\/span><\/h2>\r\n            \r\n                <dl class=\"timelineMinor\">\r\n                    <dt id=\"event11\"><a>Neuer Obmann<\/a><\/dt>\r\n                    <dd class=\"timelineEvent\" id=\"event11EX\" style=\"display: none; \">\r\n                        <div class=\"event_content\"><span class=\"AhmetiDate\">2003<\/span><p>Johannes Struber \u00fcbernahm 2003 die Rolle des Vereinsobmannes.<\/p><\/div><!-- event_content -->\r\n                    <\/dd><!-- \/.timelineEvent -->\r\n                <\/dl><!-- \/.timelineMinor --><\/div><!-- \/.timelineMajor -->\r\n            <div class=\"timelineMajor\">\r\n                <h2 class=\"timelineMajorMarker\"><span>2007<\/span><\/h2>\r\n            \r\n                <dl class=\"timelineMinor\">\r\n                    <dt id=\"event12\"><a>Neuer Obmann<\/a><\/dt>\r\n                    <dd class=\"timelineEvent\" id=\"event12EX\" style=\"display: none; \">\r\n                        <div class=\"event_content\"><span class=\"AhmetiDate\">2007<\/span><p>Von 2007 bis 2011 leitete Andreas Struber den Verein mit Bravour.<\/p><\/div><!-- event_content -->\r\n                    <\/dd><!-- \/.timelineEvent -->\r\n                <\/dl><!-- \/.timelineMinor --><\/div><!-- \/.timelineMajor -->\r\n            <div class=\"timelineMajor\">\r\n                <h2 class=\"timelineMajorMarker\"><span>2011<\/span><\/h2>\r\n            \r\n                <dl class=\"timelineMinor\">\r\n                    <dt id=\"event15\"><a>Neues Probelokal<\/a><\/dt>\r\n                    <dd class=\"timelineEvent\" id=\"event15EX\" style=\"display: none; \">\r\n                        <div class=\"event_content\"><span class=\"AhmetiDate\">8. September 2011<\/span><p>Am 08.09.2011 wurde das neue Probelokal im Gemeindeamt von St. Koloman (ehemaliger Probenraum der Trachtenmusikkapelle) eingeweiht.<\/p><\/div><!-- event_content -->\r\n                    <\/dd><!-- \/.timelineEvent -->\r\n                <\/dl><!-- \/.timelineMinor -->\r\n                <dl class=\"timelineMinor\">\r\n                    <dt id=\"event13\"><a>Neuer Obmann<\/a><\/dt>\r\n                    <dd class=\"timelineEvent\" id=\"event13EX\" style=\"display: none; \">\r\n                        <div class=\"event_content\"><span class=\"AhmetiDate\">18. November 2011<\/span><p>Martin Huber \u00fcbernahm 2011 die F\u00fchrung und wahrte sein Amt bis 2015.<\/p><\/div><!-- event_content -->\r\n                    <\/dd><!-- \/.timelineEvent -->\r\n                <\/dl><!-- \/.timelineMinor --><\/div><!-- \/.timelineMajor -->\r\n            <div class=\"timelineMajor\">\r\n                <h2 class=\"timelineMajorMarker\"><span>2015<\/span><\/h2>\r\n            \r\n                <dl class=\"timelineMinor\">\r\n                    <dt id=\"event14\"><a>Neuer Obmann<\/a><\/dt>\r\n                    <dd class=\"timelineEvent\" id=\"event14EX\" style=\"display: none; \">\r\n                        <div class=\"event_content\"><span class=\"AhmetiDate\">2015<\/span><p>Von 2015 bis 2019 leitete Johannes Neureiter den Verein.<\/p><\/div><!-- event_content -->\r\n                    <\/dd><!-- \/.timelineEvent -->\r\n                <\/dl><!-- \/.timelineMinor -->\r\n                <dl class=\"timelineMinor\">\r\n                    <dt id=\"event19\"><a>1. Taugla Tracht\u00b4n Nacht<\/a><\/dt>\r\n                    <dd class=\"timelineEvent\" id=\"event19EX\" style=\"display: none; \">\r\n                        <div class=\"event_content\"><span class=\"AhmetiDate\">18. September 2015<\/span><p>Zum Heimatabend \"Taugla Tracht\u00b4n Nacht\" lud die Brauchtumsgruppe St. Koloman recht herzlich ein. Zu Besuch waren die Astberger Alphornbl\u00e4ser und das 6\/8er G\u00b4spann, die den Heimatabend musikalisch perfekt umrahmten.<\/p><\/div><!-- event_content -->\r\n                    <\/dd><!-- \/.timelineEvent -->\r\n                <\/dl><!-- \/.timelineMinor --><\/div><!-- \/.timelineMajor -->\r\n            <div class=\"timelineMajor\">\r\n                <h2 class=\"timelineMajorMarker\"><span>2017<\/span><\/h2>\r\n            \r\n                <dl class=\"timelineMinor\">\r\n                    <dt id=\"event20\"><a>Dorffest anl\u00e4sslich 30-j\u00e4hrigen Bestehens<\/a><\/dt>\r\n                    <dd class=\"timelineEvent\" id=\"event20EX\" style=\"display: none; \">\r\n                        <div class=\"event_content\"><span class=\"AhmetiDate\">5. August 2017<\/span>Die Brauchtumsgruppe St. Koloman feierte ihr 30-j\u00e4hriges Bestandsjubil\u00e4um mit einem Dorffest!<\/div><!-- event_content -->\r\n                    <\/dd><!-- \/.timelineEvent -->\r\n                <\/dl><!-- \/.timelineMinor --><\/div><!-- \/.timelineMajor -->\r\n            <div class=\"timelineMajor\">\r\n                <h2 class=\"timelineMajorMarker\"><span>2019<\/span><\/h2>\r\n            \r\n                <dl class=\"timelineMinor\">\r\n                    <dt id=\"event21\"><a>Neuer Obmann<\/a><\/dt>\r\n                    <dd class=\"timelineEvent\" id=\"event21EX\" style=\"display: none; \">\r\n                        <div class=\"event_content\"><span class=\"AhmetiDate\">2019<\/span><p>Von 2019 bis 2023 war Florian Walkner Obmann der Brauchtumsgruppe St. Koloman.<\/p><\/div><!-- event_content -->\r\n                    <\/dd><!-- \/.timelineEvent -->\r\n                <\/dl><!-- \/.timelineMinor --><\/div><!-- \/.timelineMajor -->\r\n            <div class=\"timelineMajor\">\r\n                <h2 class=\"timelineMajorMarker\"><span>2023<\/span><\/h2>\r\n            \r\n                <dl class=\"timelineMinor\">\r\n                    <dt id=\"event22\"><a>Neuer Obmann<\/a><\/dt>\r\n                    <dd class=\"timelineEvent\" id=\"event22EX\" style=\"display: none; \">\r\n                        <div class=\"event_content\"><span class=\"AhmetiDate\">2023<\/span><p>Seit 2023 ist Hannes Ramsauer Obmann der Brauchtumsgruppe St. Koloman.<\/p><\/div><!-- event_content -->\r\n                    <\/dd><!-- \/.timelineEvent -->\r\n                <\/dl><!-- \/.timelineMinor --><\/div><!-- \/.timelineMajor --><\/div><!-- \/#timelineContainer -->\n","protected":false},"excerpt":{"rendered":"<p>Die wichtigsten Eckpunkte unserer Geschichte haben wir hier f\u00fcr euch zusammengefasst. Viel Spa\u00df beim Durchschm\u00f6kern und Erinnern!<\/p>\n","protected":false},"author":1,"featured_media":1711,"parent":0,"menu_order":0,"comment_status":"closed","ping_status":"closed","template":"","meta":{"ngg_post_thumbnail":0,"jetpack_post_was_ever_published":false,"footnotes":""},"class_list":["post-8","page","type-page","status-publish","has-post-thumbnail","hentry"],"jetpack_sharing_enabled":true,"jetpack_shortlink":"https:\/\/wp.me\/P85xtH-8","_links":{"self":[{"href":"https:\/\/www.brauchtumsgruppe-stkoloman.at\/index.php?rest_route=\/wp\/v2\/pages\/8","targetHints":{"allow":["GET"]}}],"collection":[{"href":"https:\/\/www.brauchtumsgruppe-stkoloman.at\/index.php?rest_route=\/wp\/v2\/pages"}],"about":[{"href":"https:\/\/www.brauchtumsgruppe-stkoloman.at\/index.php?rest_route=\/wp\/v2\/types\/page"}],"author":[{"embeddable":true,"href":"https:\/\/www.brauchtumsgruppe-stkoloman.at\/index.php?rest_route=\/wp\/v2\/users\/1"}],"replies":[{"embeddable":true,"href":"https:\/\/www.brauchtumsgruppe-stkoloman.at\/index.php?rest_route=%2Fwp%2Fv2%2Fcomments&post=8"}],"version-history":[{"count":16,"href":"https:\/\/www.brauchtumsgruppe-stkoloman.at\/index.php?rest_route=\/wp\/v2\/pages\/8\/revisions"}],"predecessor-version":[{"id":1712,"href":"https:\/\/www.brauchtumsgruppe-stkoloman.at\/index.php?rest_route=\/wp\/v2\/pages\/8\/revisions\/1712"}],"wp:featuredmedia":[{"embeddable":true,"href":"https:\/\/www.brauchtumsgruppe-stkoloman.at\/index.php?rest_route=\/wp\/v2\/media\/1711"}],"wp:attachment":[{"href":"https:\/\/www.brauchtumsgruppe-stkoloman.at\/index.php?rest_route=%2Fwp%2Fv2%2Fmedia&parent=8"}],"curies":[{"name":"wp","href":"https:\/\/api.w.org\/{rel}","templated":true}]}}